{"id":35,"date":"2014-05-02T22:17:41","date_gmt":"2014-05-02T20:17:41","guid":{"rendered":"http:\/\/www.haus-sonnrain.at\/home\/?page_id=35"},"modified":"2019-12-22T19:37:32","modified_gmt":"2019-12-22T17:37:32","slug":"praegraten-a-gr","status":"publish","type":"page","link":"http:\/\/www.haus-sonnrain.at\/home\/praegraten-a-gr\/","title":{"rendered":"Pr\u00e4graten"},"content":{"rendered":"<h4>Pr\u00e4graten am Gro\u00dfvenediger liegt 1312 m \u00fcber dem Meeresspiegel.<\/h4>\n<h4>Ob Wandern, Radfahren, Klettern, Nordic Walken im Sommer<\/h4>\n<h4>Ob Schifahren, Langlaufen, Eislaufen im Winter<\/h4>\n<h4>oder gen\u00fc\u00dflich dinieren und entspannen, in Pr\u00e4graten ist f\u00fcr jeden das Richtige dabei!<\/h4>\n<h4><a href=\"http:\/\/www.haus-sonnrain.at\/home\/wp-content\/uploads\/2014\/05\/2014-05-02_22575911.jpg\"><img loading=\"lazy\" decoding=\"async\" class=\"wp-image-74 aligncenter\" src=\"http:\/\/www.haus-sonnrain.at\/home\/wp-content\/uploads\/2014\/05\/2014-05-02_22575911-1024x461.jpg\" alt=\"2014-05-02_22575911\" width=\"734\" height=\"330\" srcset=\"http:\/\/www.haus-sonnrain.at\/home\/wp-content\/uploads\/2014\/05\/2014-05-02_22575911-1024x461.jpg 1024w, http:\/\/www.haus-sonnrain.at\/home\/wp-content\/uploads\/2014\/05\/2014-05-02_22575911-300x135.jpg 300w, http:\/\/www.haus-sonnrain.at\/home\/wp-content\/uploads\/2014\/05\/2014-05-02_22575911.jpg 1159w\" sizes=\"auto, (max-width: 734px) 100vw, 734px\" \/><\/a><\/h4>\n<h4>Im Sommer wie auch im Winter hat Pr\u00e4graten einiges zu bieten:<\/h4>\n<h4><span style=\"text-decoration: underline;\"><strong>Sommer:<\/strong><\/span><\/h4>\n<h4>&lt;&gt; viele Almen und H\u00fctten zum Einkehren<br \/>\n&lt;&gt; einen der sch\u00f6nsten Wasserf\u00e4lle Europas, die Umbalf\u00e4lle<br \/>\n&lt;&gt; bis zu 250km Wanderwege<br \/>\n&lt;&gt; einen interessanten Klettergarten f\u00fcr Jung und Alt<\/h4>\n<h4><a href=\"http:\/\/www.haus-sonnrain.at\/home\/wp-content\/uploads\/2014\/05\/20120815_115425.jpg\"><img loading=\"lazy\" decoding=\"async\" class=\"aligncenter size-large wp-image-78\" src=\"http:\/\/www.haus-sonnrain.at\/home\/wp-content\/uploads\/2014\/05\/20120815_115425-1024x768.jpg\" alt=\"20120815_115425\" width=\"640\" height=\"480\" srcset=\"http:\/\/www.haus-sonnrain.at\/home\/wp-content\/uploads\/2014\/05\/20120815_115425-1024x768.jpg 1024w, http:\/\/www.haus-sonnrain.at\/home\/wp-content\/uploads\/2014\/05\/20120815_115425-300x225.jpg 300w\" sizes=\"auto, (max-width: 640px) 100vw, 640px\" \/><\/a><a href=\"http:\/\/www.haus-sonnrain.at\/home\/wp-content\/uploads\/2014\/05\/DSC028541.jpg\"><img loading=\"lazy\" decoding=\"async\" class=\"aligncenter size-large wp-image-80\" src=\"http:\/\/www.haus-sonnrain.at\/home\/wp-content\/uploads\/2014\/05\/DSC028541-1024x681.jpg\" alt=\"SONY DSC\" width=\"640\" height=\"425\" srcset=\"http:\/\/www.haus-sonnrain.at\/home\/wp-content\/uploads\/2014\/05\/DSC028541-1024x681.jpg 1024w, http:\/\/www.haus-sonnrain.at\/home\/wp-content\/uploads\/2014\/05\/DSC028541-300x199.jpg 300w, http:\/\/www.haus-sonnrain.at\/home\/wp-content\/uploads\/2014\/05\/DSC028541.jpg 1148w\" sizes=\"auto, (max-width: 640px) 100vw, 640px\" \/><\/a><\/h4>\n<h4><span style=\"text-decoration: underline;\"><strong>Winter:<\/strong><\/span><\/h4>\n<h4>&lt;&gt; einen eigenen Schilift f\u00fcr Anf\u00e4nger<br \/>\n&lt;&gt; erstes gr\u00f6\u00dferes Schigebiet (Kals-Matrei Ressort) nur 15km entfernt<br \/>\n&lt;&gt; f\u00fcr Tourengeher ein\u00a0 Traum<\/h4>\n<h4><a href=\"http:\/\/www.haus-sonnrain.at\/home\/wp-content\/uploads\/2014\/05\/DSC024461.jpg\"><img loading=\"lazy\" decoding=\"async\" class=\"aligncenter size-large wp-image-83\" src=\"http:\/\/www.haus-sonnrain.at\/home\/wp-content\/uploads\/2014\/05\/DSC024461-1024x681.jpg\" alt=\"SONY DSC\" width=\"640\" height=\"425\" srcset=\"http:\/\/www.haus-sonnrain.at\/home\/wp-content\/uploads\/2014\/05\/DSC024461-1024x681.jpg 1024w, http:\/\/www.haus-sonnrain.at\/home\/wp-content\/uploads\/2014\/05\/DSC024461-300x199.jpg 300w, http:\/\/www.haus-sonnrain.at\/home\/wp-content\/uploads\/2014\/05\/DSC024461.jpg 1148w\" sizes=\"auto, (max-width: 640px) 100vw, 640px\" \/><\/a><a href=\"http:\/\/www.haus-sonnrain.at\/home\/wp-content\/uploads\/2014\/05\/DSC02464.jpg\"><img loading=\"lazy\" decoding=\"async\" class=\"aligncenter size-large wp-image-84\" src=\"http:\/\/www.haus-sonnrain.at\/home\/wp-content\/uploads\/2014\/05\/DSC02464-1024x681.jpg\" alt=\"SONY DSC\" width=\"640\" height=\"425\" srcset=\"http:\/\/www.haus-sonnrain.at\/home\/wp-content\/uploads\/2014\/05\/DSC02464-1024x681.jpg 1024w, http:\/\/www.haus-sonnrain.at\/home\/wp-content\/uploads\/2014\/05\/DSC02464-300x199.jpg 300w, http:\/\/www.haus-sonnrain.at\/home\/wp-content\/uploads\/2014\/05\/DSC02464.jpg 1148w\" sizes=\"auto, (max-width: 640px) 100vw, 640px\" \/><\/a><\/h4>\n<h4 style=\"text-align: center;\">Wie der Name des Ortes schon sagt, befindet sich der begehrte Berg,<\/h4>\n<h4 style=\"text-align: center;\">&#8222;der Gro\u00dfvenediger&#8220; mit seinen stolzen 3666m zum Teil in Pr\u00e4graten.<\/h4>\n","protected":false},"excerpt":{"rendered":"<p>Pr\u00e4graten am Gro\u00dfvenediger liegt 1312 m \u00fcber dem Meeresspiegel. Ob Wandern, Radfahren, Klettern, Nordic Walken im Sommer Ob Schifahren, Langlaufen, Eislaufen im Winter oder gen\u00fc\u00dflich dinieren und entspannen, in Pr\u00e4graten ist f\u00fcr jeden das Richtige dabei! Im Sommer wie auch im Winter hat Pr\u00e4graten einiges zu bieten: Sommer: &lt;&gt; viele Almen und H\u00fctten zum Einkehren &#8230; <span class=\"more\"><a class=\"more-link\" href=\"http:\/\/www.haus-sonnrain.at\/home\/praegraten-a-gr\/\">[Read more&#8230;]<\/a><\/span><\/p>\n","protected":false},"author":1,"featured_media":0,"parent":0,"menu_order":2,"comment_status":"closed","ping_status":"closed","template":"","meta":{"footnotes":""},"class_list":["entry","page","publish","author-wordpressadmin","post-35"],"_links":{"self":[{"href":"http:\/\/www.haus-sonnrain.at\/home\/wp-json\/wp\/v2\/pages\/35","targetHints":{"allow":["GET"]}}],"collection":[{"href":"http:\/\/www.haus-sonnrain.at\/home\/wp-json\/wp\/v2\/pages"}],"about":[{"href":"http:\/\/www.haus-sonnrain.at\/home\/wp-json\/wp\/v2\/types\/page"}],"author":[{"embeddable":true,"href":"http:\/\/www.haus-sonnrain.at\/home\/wp-json\/wp\/v2\/users\/1"}],"replies":[{"embeddable":true,"href":"http:\/\/www.haus-sonnrain.at\/home\/wp-json\/wp\/v2\/comments?post=35"}],"version-history":[{"count":51,"href":"http:\/\/www.haus-sonnrain.at\/home\/wp-json\/wp\/v2\/pages\/35\/revisions"}],"predecessor-version":[{"id":467,"href":"http:\/\/www.haus-sonnrain.at\/home\/wp-json\/wp\/v2\/pages\/35\/revisions\/467"}],"wp:attachment":[{"href":"http:\/\/www.haus-sonnrain.at\/home\/wp-json\/wp\/v2\/media?parent=35"}],"curies":[{"name":"wp","href":"https:\/\/api.w.org\/{rel}","templated":true}]}}