{"id":325,"date":"2016-06-05T10:59:17","date_gmt":"2016-06-05T08:59:17","guid":{"rendered":"http:\/\/www.haus-sonnrain.at\/home\/?page_id=325"},"modified":"2022-01-20T19:26:16","modified_gmt":"2022-01-20T17:26:16","slug":"325-2","status":"publish","type":"page","link":"http:\/\/www.haus-sonnrain.at\/home\/","title":{"rendered":"Home"},"content":{"rendered":"<h2 style=\"text-align: left;\">HAUS SONNRAIN<\/h2>\n<h3 style=\"text-align: left;\"><span style=\"text-decoration: underline;\">Willkommen auf unserer Homepage<\/span><\/h3>\n<h4>Wir freuen uns, Sie, bei uns begr\u00fc\u00dfen zu d\u00fcrfen.<\/h4>\n<h3><a href=\"http:\/\/www.haus-sonnrain.at\/home\/wp-content\/uploads\/2018\/04\/DSC02463.jpg\"><img loading=\"lazy\" decoding=\"async\" class=\"wp-image-411 size-full aligncenter\" src=\"http:\/\/www.haus-sonnrain.at\/home\/wp-content\/uploads\/2018\/04\/DSC02463.jpg\" alt=\"\" width=\"919\" height=\"612\" srcset=\"http:\/\/www.haus-sonnrain.at\/home\/wp-content\/uploads\/2018\/04\/DSC02463.jpg 919w, http:\/\/www.haus-sonnrain.at\/home\/wp-content\/uploads\/2018\/04\/DSC02463-300x200.jpg 300w, http:\/\/www.haus-sonnrain.at\/home\/wp-content\/uploads\/2018\/04\/DSC02463-768x511.jpg 768w\" sizes=\"auto, (max-width: 919px) 100vw, 919px\" \/><\/a><\/h3>\n<h3 style=\"text-align: left;\">Kurzaufenthalte und N\u00e4chtigungen m\u00f6glich!!<\/h3>\n","protected":false},"excerpt":{"rendered":"<p>HAUS SONNRAIN Willkommen auf unserer Homepage Wir freuen uns, Sie, bei uns begr\u00fc\u00dfen zu d\u00fcrfen. Kurzaufenthalte und N\u00e4chtigungen m\u00f6glich!!<\/p>\n","protected":false},"author":1,"featured_media":0,"parent":0,"menu_order":0,"comment_status":"closed","ping_status":"closed","template":"","meta":{"footnotes":""},"class_list":["entry","page","publish","author-wordpressadmin","post-325"],"_links":{"self":[{"href":"http:\/\/www.haus-sonnrain.at\/home\/wp-json\/wp\/v2\/pages\/325","targetHints":{"allow":["GET"]}}],"collection":[{"href":"http:\/\/www.haus-sonnrain.at\/home\/wp-json\/wp\/v2\/pages"}],"about":[{"href":"http:\/\/www.haus-sonnrain.at\/home\/wp-json\/wp\/v2\/types\/page"}],"author":[{"embeddable":true,"href":"http:\/\/www.haus-sonnrain.at\/home\/wp-json\/wp\/v2\/users\/1"}],"replies":[{"embeddable":true,"href":"http:\/\/www.haus-sonnrain.at\/home\/wp-json\/wp\/v2\/comments?post=325"}],"version-history":[{"count":31,"href":"http:\/\/www.haus-sonnrain.at\/home\/wp-json\/wp\/v2\/pages\/325\/revisions"}],"predecessor-version":[{"id":509,"href":"http:\/\/www.haus-sonnrain.at\/home\/wp-json\/wp\/v2\/pages\/325\/revisions\/509"}],"wp:attachment":[{"href":"http:\/\/www.haus-sonnrain.at\/home\/wp-json\/wp\/v2\/media?parent=325"}],"curies":[{"name":"wp","href":"https:\/\/api.w.org\/{rel}","templated":true}]}}